{"id":1114,"date":"2025-12-31T17:58:20","date_gmt":"2025-12-31T16:58:20","guid":{"rendered":"https:\/\/standasykora.cz\/?page_id=1114"},"modified":"2026-01-04T10:40:14","modified_gmt":"2026-01-04T09:40:14","slug":"terminy-ceny","status":"publish","type":"page","link":"https:\/\/standasykora.cz\/cz\/terminy-ceny\/","title":{"rendered":"Term\u00edny a ceny"},"content":{"rendered":"\n<div class=\"wp-block-group has-global-padding is-layout-constrained wp-block-group-is-layout-constrained\">\n<div style=\"height:20px\" aria-hidden=\"true\" class=\"wp-block-spacer cc-hide-on-tablet cc-hide-on-desktop\"><\/div>\n\n\n\n<div style=\"height:65px\" aria-hidden=\"true\" class=\"wp-block-spacer cc-hide-on-mobile\"><\/div>\n<\/div>\n\n\n\n<div class=\"wp-block-columns has-border-color has-accent-3-border-color has-base-background-color has-background is-layout-flex wp-container-core-columns-is-layout-28f84493 wp-block-columns-is-layout-flex\" style=\"border-radius:15px\">\n<div class=\"wp-block-column is-layout-flow wp-block-column-is-layout-flow\">\n<p class=\"has-text-align-center has-system-serif-font-family\" style=\"margin-bottom:0px;padding-bottom:0;font-size:clamp(1.092rem, 1.092rem + ((1vw - 0.2rem) * 1.013), 1.7rem);font-style:italic;font-weight:500\">&#8222;Po\u010d\u00edta\u010de jsou nespolehliv\u00e9, lid\u00e9 taky.<br>Ale po\u010d\u00edta\u010de jsou v tom mnohem d\u016fkladn\u011bj\u0161\u00ed.&#8220; <\/p>\n\n\n\n<p class=\"has-text-align-right has-system-sans-serif-font-family has-small-font-size\" style=\"margin-top:0\"><br>Murphyho z\u00e1kony o IT<\/p>\n<\/div>\n<\/div>\n\n\n\n<div class=\"wp-block-group has-global-padding is-layout-constrained wp-block-group-is-layout-constrained\">\n<div style=\"height:60px\" aria-hidden=\"true\" class=\"wp-block-spacer cc-hide-on-tablet cc-hide-on-desktop\"><\/div>\n\n\n\n<div style=\"height:80px\" aria-hidden=\"true\" class=\"wp-block-spacer cc-hide-on-mobile\"><\/div>\n<\/div>\n\n\n\n<div class=\"wp-block-group has-global-padding is-layout-constrained wp-container-core-group-is-layout-b13d32f8 wp-block-group-is-layout-constrained\" style=\"padding-right:var(--wp--preset--spacing--10);padding-left:var(--wp--preset--spacing--10)\">\n<h2 class=\"wp-block-heading\" style=\"padding-right:0;padding-left:0\"><strong>Jak dlouho to bude trvat a co to bude st\u00e1t?<\/strong><\/h2>\n\n\n\n<p>Na to nem\u00e1m jednoduchou odpov\u011b\u010f. Je to jako pt\u00e1t se, kolik stoj\u00ed auto. No, jak kter\u00e9.<\/p>\n\n\n\n<div class=\"wp-block-group has-global-padding is-layout-constrained wp-block-group-is-layout-constrained\">\n<div style=\"height:5px\" aria-hidden=\"true\" class=\"wp-block-spacer cc-hide-on-tablet cc-hide-on-desktop\"><\/div>\n\n\n\n<div style=\"height:20px\" aria-hidden=\"true\" class=\"wp-block-spacer cc-hide-on-mobile\"><\/div>\n<\/div>\n<\/div>\n\n\n\n<div class=\"wp-block-group has-base-background-color has-background has-global-padding is-layout-constrained wp-container-core-group-is-layout-d8a87e06 wp-block-group-is-layout-constrained\" style=\"border-radius:15px;padding-top:var(--wp--preset--spacing--30);padding-right:var(--wp--preset--spacing--20);padding-bottom:var(--wp--preset--spacing--30);padding-left:var(--wp--preset--spacing--20)\">\n<div style=\"height:30px\" aria-hidden=\"true\" class=\"wp-block-spacer cc-hide-on-tablet cc-hide-on-desktop\"><\/div>\n\n\n\n<div class=\"wp-block-media-text cc-hide-on-tablet cc-hide-on-desktop\" style=\"margin-top:0;margin-right:0;margin-bottom:0;margin-left:0;grid-template-columns:23% auto\"><figure class=\"wp-block-media-text__media\"><img loading=\"lazy\" decoding=\"async\" width=\"512\" height=\"512\" src=\"https:\/\/standasykora.cz\/wp-content\/uploads\/2025\/12\/icon-clock-1.svg\" alt=\"\" class=\"wp-image-1120 size-full\"\/><\/figure><div class=\"wp-block-media-text__content\">\n<h2 class=\"wp-block-heading\">Za jak dlouho to bude<\/h2>\n<\/div><\/div>\n\n\n\n<div class=\"wp-block-media-text cc-hide-on-mobile\" style=\"margin-top:0;margin-right:0;margin-bottom:0;margin-left:0;grid-template-columns:15% auto\"><figure class=\"wp-block-media-text__media\"><img loading=\"lazy\" decoding=\"async\" width=\"512\" height=\"512\" src=\"https:\/\/standasykora.cz\/wp-content\/uploads\/2025\/12\/icon-clock-1.svg\" alt=\"\" class=\"wp-image-1120 size-full\"\/><\/figure><div class=\"wp-block-media-text__content\">\n<h2 class=\"wp-block-heading\">Za jak dlouho to bude<\/h2>\n<\/div><\/div>\n\n\n\n<p>Hodn\u011b z\u00e1le\u017e\u00ed na v\u00e1s<\/p>\n\n\n\n<ul style=\"padding-left:var(--wp--preset--spacing--20)\" class=\"wp-block-list\">\n<li style=\"margin-top:var(--wp--preset--spacing--10);margin-bottom:var(--wp--preset--spacing--10)\">Kdy\u017e chcete jednoduch\u00fd web a m\u00e1te v\u0161e p\u0159ipraven\u00e9, m\u016f\u017ee b\u00fdt hotovo za t\u00fdden \u010di dva.<\/li>\n\n\n\n<li style=\"margin-top:var(--wp--preset--spacing--10);margin-bottom:var(--wp--preset--spacing--10)\">Kdy\u017e chcete slo\u017eit\u00e9 str\u00e1nky se spoustou funkc\u00ed, m\u016f\u017ee to trvat p\u00e1r t\u00fddn\u016f. <\/li>\n\n\n\n<li style=\"margin-top:var(--wp--preset--spacing--10);margin-bottom:var(--wp--preset--spacing--10);font-style:normal;font-weight:700\">Kdy\u017e nev\u00edte, co p\u0159esn\u011b chcete, m\u016f\u017eete mi jen \u0159\u00edct &#8222;chceme to podobn\u011b jako www.n\u011bkdo-jin\u00fd.cz&#8220; a d\u00e1me to dohromady.<\/li>\n<\/ul>\n\n\n\n<p><span class=\"has-system-serif-font-family\"><em>P\u0159\u00edklady z praxe:<\/em><\/span><\/p>\n\n\n\n<ul style=\"padding-left:var(--wp--preset--spacing--20)\" class=\"wp-block-list\">\n<li style=\"margin-top:var(--wp--preset--spacing--10);margin-bottom:var(--wp--preset--spacing--10)\"><span class=\"has-system-serif-font-family\"><em>Z\u00e1kaznice m\u011bla p\u0159ipraven\u00fd text i grafiku a cht\u011bla jen jednostr\u00e1nkov\u00fd web. Hotovo bylo za v\u00edkend.<\/em><\/span><\/li>\n\n\n\n<li style=\"margin-top:var(--wp--preset--spacing--10);margin-bottom:var(--wp--preset--spacing--10)\"><span class=\"has-system-serif-font-family\"><em>Mal\u00e9 spole\u010dnosti jsem postupn\u011b p\u0159ipravil \u010dty\u0159i n\u00e1vrhy vzhledu, ale st\u00e1le se nerozhodli, co cht\u011bj\u00ed a&nbsp;po\u0159\u00e1d se mezi sebou dohaduj\u00ed o barv\u00e1ch. To trv\u00e1 p\u0159es p\u016fl roku a fin\u00e1le je v nedohlednu. <\/em>\ud83d\ude42<\/span><\/li>\n<\/ul>\n<\/div>\n\n\n\n<a id=\"Cenik\"><\/a>\n\n\n\n<div class=\"wp-block-group has-global-padding is-layout-constrained wp-block-group-is-layout-constrained\">\n<div style=\"height:60px\" aria-hidden=\"true\" class=\"wp-block-spacer cc-hide-on-tablet cc-hide-on-desktop\"><\/div>\n\n\n\n<div style=\"height:80px\" aria-hidden=\"true\" class=\"wp-block-spacer cc-hide-on-mobile\"><\/div>\n<\/div>\n\n\n\n<div class=\"wp-block-group has-base-background-color has-background has-global-padding is-layout-constrained wp-container-core-group-is-layout-d8a87e06 wp-block-group-is-layout-constrained\" style=\"border-radius:15px;padding-top:var(--wp--preset--spacing--30);padding-right:var(--wp--preset--spacing--20);padding-bottom:var(--wp--preset--spacing--30);padding-left:var(--wp--preset--spacing--20)\">\n<div style=\"height:30px\" aria-hidden=\"true\" class=\"wp-block-spacer cc-hide-on-tablet cc-hide-on-desktop\"><\/div>\n\n\n\n<div class=\"wp-block-media-text cc-hide-on-tablet cc-hide-on-desktop\" style=\"margin-top:0;margin-right:0;margin-bottom:0;margin-left:0;grid-template-columns:23% auto\"><figure class=\"wp-block-media-text__media\"><img loading=\"lazy\" decoding=\"async\" width=\"512\" height=\"512\" src=\"https:\/\/standasykora.cz\/wp-content\/uploads\/2025\/12\/icon-piggy-bank-1.svg\" alt=\"\" class=\"wp-image-1121 size-full\"\/><\/figure><div class=\"wp-block-media-text__content\">\n<h2 class=\"wp-block-heading\">Za kolik<\/h2>\n<\/div><\/div>\n\n\n\n<div class=\"wp-block-media-text cc-hide-on-mobile\" style=\"margin-top:0;margin-right:0;margin-bottom:0;margin-left:0;grid-template-columns:15% auto\"><figure class=\"wp-block-media-text__media\"><img loading=\"lazy\" decoding=\"async\" width=\"512\" height=\"512\" src=\"https:\/\/standasykora.cz\/wp-content\/uploads\/2025\/12\/icon-piggy-bank-1.svg\" alt=\"\" class=\"wp-image-1121 size-full\"\/><\/figure><div class=\"wp-block-media-text__content\">\n<h2 class=\"wp-block-heading\">Za kolik<\/h2>\n<\/div><\/div>\n\n\n\n<p>Nejsem na webech finan\u010dn\u011b z\u00e1visl\u00fd, tedy m\u016f\u017eu b\u00fdt levn\u00fd.<\/p>\n\n\n\n<p>Svou pr\u00e1ci si cen\u00edm na 300,- K\u010d \/ hodinu.<br>Za n\u011bkter\u00e9 pr\u00e1ce \u00fa\u010dtuji a\u017e 600,- K\u010d, ale na ty v\u00e1s v\u017edy p\u0159edem upozorn\u00edm.<\/p>\n\n\n\n<p>Velmi jednoduch\u00fd web tak m\u016f\u017eete po\u0159\u00eddit u\u017e za 1.500,-<\/p>\n\n\n\n<p>Slo\u017eit\u00e9 str\u00e1nky s mnoha funkcemi mohou vyj\u00edt i p\u0159es 20.000,-<\/p>\n<\/div>\n","protected":false},"excerpt":{"rendered":"<p>&#8222;Po\u010d\u00edta\u010de jsou nespolehliv\u00e9, lid\u00e9 taky.Ale po\u010d\u00edta\u010de jsou v tom mnohem d\u016fkladn\u011bj\u0161\u00ed.&#8220; Murphyho z\u00e1kony o IT Jak dlouho to bude trvat a co to bude st\u00e1t? Na to nem\u00e1m jednoduchou odpov\u011b\u010f. Je to jako pt\u00e1t se, kolik stoj\u00ed auto. No, jak kter\u00e9. Za jak dlouho to bude Za jak dlouho to bude Hodn\u011b z\u00e1le\u017e\u00ed na v\u00e1s [&hellip;]<\/p>\n","protected":false},"author":1,"featured_media":0,"parent":0,"menu_order":0,"comment_status":"closed","ping_status":"closed","template":"","meta":{"_monsterinsights_skip_tracking":false,"_monsterinsights_sitenote_active":false,"_monsterinsights_sitenote_note":"","_monsterinsights_sitenote_category":0,"footnotes":""},"class_list":["post-1114","page","type-page","status-publish","hentry"],"aioseo_notices":[],"_links":{"self":[{"href":"https:\/\/standasykora.cz\/cz\/wp-json\/wp\/v2\/pages\/1114","targetHints":{"allow":["GET"]}}],"collection":[{"href":"https:\/\/standasykora.cz\/cz\/wp-json\/wp\/v2\/pages"}],"about":[{"href":"https:\/\/standasykora.cz\/cz\/wp-json\/wp\/v2\/types\/page"}],"author":[{"embeddable":true,"href":"https:\/\/standasykora.cz\/cz\/wp-json\/wp\/v2\/users\/1"}],"replies":[{"embeddable":true,"href":"https:\/\/standasykora.cz\/cz\/wp-json\/wp\/v2\/comments?post=1114"}],"version-history":[{"count":16,"href":"https:\/\/standasykora.cz\/cz\/wp-json\/wp\/v2\/pages\/1114\/revisions"}],"predecessor-version":[{"id":1186,"href":"https:\/\/standasykora.cz\/cz\/wp-json\/wp\/v2\/pages\/1114\/revisions\/1186"}],"wp:attachment":[{"href":"https:\/\/standasykora.cz\/cz\/wp-json\/wp\/v2\/media?parent=1114"}],"curies":[{"name":"wp","href":"https:\/\/api.w.org\/{rel}","templated":true}]}}